{"id":2826,"date":"2021-08-11T19:42:16","date_gmt":"2021-08-11T17:42:16","guid":{"rendered":"http:\/\/tasneemgallery.com\/inicio\/"},"modified":"2025-12-31T16:12:40","modified_gmt":"2025-12-31T15:12:40","slug":"inicio","status":"publish","type":"page","link":"https:\/\/tasneemgallery.com\/es\/","title":{"rendered":"Tasneem Gallery: Arte Contempor\u00e1neo Internacional"},"content":{"rendered":"\n\n\t\t\t\t\t\t\t\t<a href=\"https:\/\/tasneemgallery.com\/es\/artista\/wiz-kudowor\/\" target=\"_self\" itemprop=\"url\" rel=\"noopener\">\n\t\t\t\t\t\t\t\t\t<img loading=\"lazy\" decoding=\"async\" src=\"https:\/\/tasneemgallery.com\/wp-content\/uploads\/artists\/wiz-kudowor\/unending-journeys-iii.jpg\" alt=\"Wiz Kudowor, Unending Journeys III, 2012\" itemprop=\"image\" height=\"1033\" width=\"1200\" srcset=\"https:\/\/tasneemgallery.com\/wp-content\/uploads\/artists\/wiz-kudowor\/unending-journeys-iii.jpg 1200w, https:\/\/tasneemgallery.com\/wp-content\/uploads\/artists\/wiz-kudowor\/unending-journeys-iii-300x258.jpg 300w, https:\/\/tasneemgallery.com\/wp-content\/uploads\/artists\/wiz-kudowor\/unending-journeys-iii-1024x881.jpg 1024w, https:\/\/tasneemgallery.com\/wp-content\/uploads\/artists\/wiz-kudowor\/unending-journeys-iii-768x661.jpg 768w\" sizes=\"auto, (max-width: 1200px) 100vw, 1200px\" title=\"unending-journeys-iii\" onerror=\"this.style.display='none'\"  \/>\n\t\t\t\t\t\t\t\t\t\t\tWIZ KUDOWOR \/ UNENDING JOURNEYS III\n\t\t\t\t\t\t\t\t\t\t\t\t\t<\/a>\n\n","protected":false},"excerpt":{"rendered":"<p>WIZ KUDOWOR \/ UNENDING JOURNEYS III<\/p>\n","protected":false},"author":1,"featured_media":0,"parent":0,"menu_order":0,"comment_status":"closed","ping_status":"closed","template":"","meta":{"_acf_changed":false,"footnotes":""},"class_list":["post-2826","page","type-page","status-publish","hentry"],"acf":[],"yoast_head":"<!-- This site is optimized with the Yoast SEO plugin v27.3 - https:\/\/yoast.com\/product\/yoast-seo-wordpress\/ -->\n<title>Tasneem Gallery: Arte Contempor\u00e1neo Internacional<\/title>\n<meta name=\"description\" content=\"Tasneem Gallery es una galer\u00eda de arte contempor\u00e1neo con una visi\u00f3n inclusiva y no elitista, que crea un di\u00e1logo entre artistas y personas de todo el mundo.\" \/>\n<meta name=\"robots\" content=\"index, follow, max-snippet:-1, max-image-preview:large, max-video-preview:-1\" \/>\n<link rel=\"canonical\" href=\"https:\/\/tasneemgallery.com\/es\/\" \/>\n<meta property=\"og:locale\" content=\"es_ES\" \/>\n<meta property=\"og:type\" content=\"article\" \/>\n<meta property=\"og:title\" content=\"Tasneem Gallery: Arte Contempor\u00e1neo Internacional\" \/>\n<meta property=\"og:description\" content=\"Tasneem Gallery es una galer\u00eda de arte contempor\u00e1neo con una visi\u00f3n inclusiva y no elitista, que crea un di\u00e1logo entre artistas y personas de todo el mundo.\" \/>\n<meta property=\"og:url\" content=\"https:\/\/tasneemgallery.com\/es\/\" \/>\n<meta property=\"og:site_name\" content=\"Tasneem Gallery\" \/>\n<meta property=\"article:modified_time\" content=\"2025-12-31T15:12:40+00:00\" \/>\n<meta property=\"og:image\" content=\"https:\/\/tasneemgallery.com\/wp-content\/uploads\/artists\/wiz-kudowor\/unending-journeys-iii.jpg\" \/>\n<meta name=\"twitter:card\" content=\"summary_large_image\" \/>\n<script type=\"application\/ld+json\" class=\"yoast-schema-graph\">{\"@context\":\"https:\\\/\\\/schema.org\",\"@graph\":[{\"@type\":\"WebPage\",\"@id\":\"https:\\\/\\\/tasneemgallery.com\\\/es\\\/\",\"url\":\"https:\\\/\\\/tasneemgallery.com\\\/es\\\/\",\"name\":\"Tasneem Gallery: Arte Contempor\u00e1neo Internacional\",\"isPartOf\":{\"@id\":\"https:\\\/\\\/tasneemgallery.com\\\/es\\\/#website\"},\"primaryImageOfPage\":{\"@id\":\"https:\\\/\\\/tasneemgallery.com\\\/es\\\/#primaryimage\"},\"image\":{\"@id\":\"https:\\\/\\\/tasneemgallery.com\\\/es\\\/#primaryimage\"},\"thumbnailUrl\":\"https:\\\/\\\/tasneemgallery.com\\\/wp-content\\\/uploads\\\/artists\\\/wiz-kudowor\\\/unending-journeys-iii.jpg\",\"datePublished\":\"2021-08-11T17:42:16+00:00\",\"dateModified\":\"2025-12-31T15:12:40+00:00\",\"description\":\"Tasneem Gallery es una galer\u00eda de arte contempor\u00e1neo con una visi\u00f3n inclusiva y no elitista, que crea un di\u00e1logo entre artistas y personas de todo el mundo.\",\"breadcrumb\":{\"@id\":\"https:\\\/\\\/tasneemgallery.com\\\/es\\\/#breadcrumb\"},\"inLanguage\":\"es\",\"potentialAction\":[{\"@type\":\"ReadAction\",\"target\":[\"https:\\\/\\\/tasneemgallery.com\\\/es\\\/\"]}]},{\"@type\":\"ImageObject\",\"inLanguage\":\"es\",\"@id\":\"https:\\\/\\\/tasneemgallery.com\\\/es\\\/#primaryimage\",\"url\":\"https:\\\/\\\/tasneemgallery.com\\\/wp-content\\\/uploads\\\/artists\\\/wiz-kudowor\\\/unending-journeys-iii.jpg\",\"contentUrl\":\"https:\\\/\\\/tasneemgallery.com\\\/wp-content\\\/uploads\\\/artists\\\/wiz-kudowor\\\/unending-journeys-iii.jpg\"},{\"@type\":\"BreadcrumbList\",\"@id\":\"https:\\\/\\\/tasneemgallery.com\\\/es\\\/#breadcrumb\",\"itemListElement\":[{\"@type\":\"ListItem\",\"position\":1,\"name\":\"Home\",\"item\":\"https:\\\/\\\/tasneemgallery.com\\\/es\\\/\"},{\"@type\":\"ListItem\",\"position\":2,\"name\":\"Tasneem Gallery: Arte Contempor\u00e1neo Internacional\"}]},{\"@type\":\"WebSite\",\"@id\":\"https:\\\/\\\/tasneemgallery.com\\\/es\\\/#website\",\"url\":\"https:\\\/\\\/tasneemgallery.com\\\/es\\\/\",\"name\":\"Tasneem Gallery\",\"description\":\"International Contemporary Art Gallery\",\"potentialAction\":[{\"@type\":\"SearchAction\",\"target\":{\"@type\":\"EntryPoint\",\"urlTemplate\":\"https:\\\/\\\/tasneemgallery.com\\\/es\\\/?s={search_term_string}\"},\"query-input\":{\"@type\":\"PropertyValueSpecification\",\"valueRequired\":true,\"valueName\":\"search_term_string\"}}],\"inLanguage\":\"es\"}]}<\/script>\n<!-- \/ Yoast SEO plugin. -->","yoast_head_json":{"title":"Tasneem Gallery: Arte Contempor\u00e1neo Internacional","description":"Tasneem Gallery es una galer\u00eda de arte contempor\u00e1neo con una visi\u00f3n inclusiva y no elitista, que crea un di\u00e1logo entre artistas y personas de todo el mundo.","robots":{"index":"index","follow":"follow","max-snippet":"max-snippet:-1","max-image-preview":"max-image-preview:large","max-video-preview":"max-video-preview:-1"},"canonical":"https:\/\/tasneemgallery.com\/es\/","og_locale":"es_ES","og_type":"article","og_title":"Tasneem Gallery: Arte Contempor\u00e1neo Internacional","og_description":"Tasneem Gallery es una galer\u00eda de arte contempor\u00e1neo con una visi\u00f3n inclusiva y no elitista, que crea un di\u00e1logo entre artistas y personas de todo el mundo.","og_url":"https:\/\/tasneemgallery.com\/es\/","og_site_name":"Tasneem Gallery","article_modified_time":"2025-12-31T15:12:40+00:00","og_image":[{"url":"https:\/\/tasneemgallery.com\/wp-content\/uploads\/artists\/wiz-kudowor\/unending-journeys-iii.jpg","type":"","width":"","height":""}],"twitter_card":"summary_large_image","schema":{"@context":"https:\/\/schema.org","@graph":[{"@type":"WebPage","@id":"https:\/\/tasneemgallery.com\/es\/","url":"https:\/\/tasneemgallery.com\/es\/","name":"Tasneem Gallery: Arte Contempor\u00e1neo Internacional","isPartOf":{"@id":"https:\/\/tasneemgallery.com\/es\/#website"},"primaryImageOfPage":{"@id":"https:\/\/tasneemgallery.com\/es\/#primaryimage"},"image":{"@id":"https:\/\/tasneemgallery.com\/es\/#primaryimage"},"thumbnailUrl":"https:\/\/tasneemgallery.com\/wp-content\/uploads\/artists\/wiz-kudowor\/unending-journeys-iii.jpg","datePublished":"2021-08-11T17:42:16+00:00","dateModified":"2025-12-31T15:12:40+00:00","description":"Tasneem Gallery es una galer\u00eda de arte contempor\u00e1neo con una visi\u00f3n inclusiva y no elitista, que crea un di\u00e1logo entre artistas y personas de todo el mundo.","breadcrumb":{"@id":"https:\/\/tasneemgallery.com\/es\/#breadcrumb"},"inLanguage":"es","potentialAction":[{"@type":"ReadAction","target":["https:\/\/tasneemgallery.com\/es\/"]}]},{"@type":"ImageObject","inLanguage":"es","@id":"https:\/\/tasneemgallery.com\/es\/#primaryimage","url":"https:\/\/tasneemgallery.com\/wp-content\/uploads\/artists\/wiz-kudowor\/unending-journeys-iii.jpg","contentUrl":"https:\/\/tasneemgallery.com\/wp-content\/uploads\/artists\/wiz-kudowor\/unending-journeys-iii.jpg"},{"@type":"BreadcrumbList","@id":"https:\/\/tasneemgallery.com\/es\/#breadcrumb","itemListElement":[{"@type":"ListItem","position":1,"name":"Home","item":"https:\/\/tasneemgallery.com\/es\/"},{"@type":"ListItem","position":2,"name":"Tasneem Gallery: Arte Contempor\u00e1neo Internacional"}]},{"@type":"WebSite","@id":"https:\/\/tasneemgallery.com\/es\/#website","url":"https:\/\/tasneemgallery.com\/es\/","name":"Tasneem Gallery","description":"International Contemporary Art Gallery","potentialAction":[{"@type":"SearchAction","target":{"@type":"EntryPoint","urlTemplate":"https:\/\/tasneemgallery.com\/es\/?s={search_term_string}"},"query-input":{"@type":"PropertyValueSpecification","valueRequired":true,"valueName":"search_term_string"}}],"inLanguage":"es"}]}},"_links":{"self":[{"href":"https:\/\/tasneemgallery.com\/es\/wp-json\/wp\/v2\/pages\/2826","targetHints":{"allow":["GET"]}}],"collection":[{"href":"https:\/\/tasneemgallery.com\/es\/wp-json\/wp\/v2\/pages"}],"about":[{"href":"https:\/\/tasneemgallery.com\/es\/wp-json\/wp\/v2\/types\/page"}],"author":[{"embeddable":true,"href":"https:\/\/tasneemgallery.com\/es\/wp-json\/wp\/v2\/users\/1"}],"replies":[{"embeddable":true,"href":"https:\/\/tasneemgallery.com\/es\/wp-json\/wp\/v2\/comments?post=2826"}],"version-history":[{"count":16,"href":"https:\/\/tasneemgallery.com\/es\/wp-json\/wp\/v2\/pages\/2826\/revisions"}],"predecessor-version":[{"id":6684,"href":"https:\/\/tasneemgallery.com\/es\/wp-json\/wp\/v2\/pages\/2826\/revisions\/6684"}],"wp:attachment":[{"href":"https:\/\/tasneemgallery.com\/es\/wp-json\/wp\/v2\/media?parent=2826"}],"curies":[{"name":"wp","href":"https:\/\/api.w.org\/{rel}","templated":true}]}}